{"id":18,"date":"2017-03-15T11:29:25","date_gmt":"2017-03-15T10:29:25","guid":{"rendered":"http:\/\/montbrison-triathlon.fr\/?page_id=18"},"modified":"2019-02-06T18:08:24","modified_gmt":"2019-02-06T17:08:24","slug":"entrainements","status":"publish","type":"page","link":"https:\/\/montbrison-triathlon.fr\/?page_id=18","title":{"rendered":"Entra\u00eenements"},"content":{"rendered":"\n<figure class=\"wp-block-image\"><img loading=\"lazy\" width=\"275\" height=\"183\" src=\"http:\/\/montbrison-triathlon.fr\/wp-content\/uploads\/2019\/02\/images-3.jpg\" alt=\"\" class=\"wp-image-102\" srcset=\"https:\/\/montbrison-triathlon.fr\/wp-content\/uploads\/2019\/02\/images-3.jpg 275w, https:\/\/montbrison-triathlon.fr\/wp-content\/uploads\/2019\/02\/images-3-272x182.jpg 272w\" sizes=\"(max-width: 275px) 100vw, 275px\" \/><figcaption> <br><strong>Natation :&nbsp;<\/strong> les entra\u00eenements natation ont lieu les mercredi de 20h \u00e0 21h et samedi de 8h \u00e0 10h \u00e0 la piscine Aqualude de Montbrison. Ils sont encadr\u00e9s par des entraineurs de Montbrison Natation. <\/figcaption><\/figure>\n\n\n\n<figure class=\"wp-block-image\"><img loading=\"lazy\" width=\"286\" height=\"176\" src=\"http:\/\/montbrison-triathlon.fr\/wp-content\/uploads\/2019\/02\/images-1.jpg\" alt=\"\" class=\"wp-image-100\"\/><figcaption> <br><strong>V\u00e9lo \/ CAP\u00a0 : <\/strong>des d\u00e9parts communs ont lieu le dimanche matin au parking du stade de la Madeleine (v\u00e9lo, VTT, trail, CAP suivant les conditions m\u00e9t\u00e9orologiques)<em> Activit\u00e9s sous responsabilit\u00e9 individuelle.<\/em> <\/figcaption><\/figure>\n\n\n\n<figure class=\"wp-block-image\"><img loading=\"lazy\" width=\"259\" height=\"194\" src=\"http:\/\/montbrison-triathlon.fr\/wp-content\/uploads\/2019\/02\/images-2.jpg\" alt=\"\" class=\"wp-image-101\"\/><figcaption> <br><strong>CAP :<\/strong> Un entrainement sp\u00e9cifique encadr\u00e9 a lieu le vendredi de 19h30 \u00e0 21h au stade de la Madeleine \u00e0 Montbrison. <\/figcaption><\/figure>\n","protected":false},"excerpt":{"rendered":"","protected":false},"author":1,"featured_media":0,"parent":0,"menu_order":0,"comment_status":"closed","ping_status":"closed","template":"","meta":[],"_links":{"self":[{"href":"https:\/\/montbrison-triathlon.fr\/index.php?rest_route=\/wp\/v2\/pages\/18"}],"collection":[{"href":"https:\/\/montbrison-triathlon.fr\/index.php?rest_route=\/wp\/v2\/pages"}],"about":[{"href":"https:\/\/montbrison-triathlon.fr\/index.php?rest_route=\/wp\/v2\/types\/page"}],"author":[{"embeddable":true,"href":"https:\/\/montbrison-triathlon.fr\/index.php?rest_route=\/wp\/v2\/users\/1"}],"replies":[{"embeddable":true,"href":"https:\/\/montbrison-triathlon.fr\/index.php?rest_route=%2Fwp%2Fv2%2Fcomments&post=18"}],"version-history":[{"count":8,"href":"https:\/\/montbrison-triathlon.fr\/index.php?rest_route=\/wp\/v2\/pages\/18\/revisions"}],"predecessor-version":[{"id":105,"href":"https:\/\/montbrison-triathlon.fr\/index.php?rest_route=\/wp\/v2\/pages\/18\/revisions\/105"}],"wp:attachment":[{"href":"https:\/\/montbrison-triathlon.fr\/index.php?rest_route=%2Fwp%2Fv2%2Fmedia&parent=18"}],"curies":[{"name":"wp","href":"https:\/\/api.w.org\/{rel}","templated":true}]}}